{"id":603,"date":"2022-06-17T02:06:16","date_gmt":"2022-06-17T00:06:16","guid":{"rendered":"https:\/\/medina-design.de\/boutique\/?post_type=product&#038;p=603"},"modified":"2024-09-07T20:17:30","modified_gmt":"2024-09-07T18:17:30","slug":"taschenschoner-3er-set","status":"publish","type":"product","link":"https:\/\/medina-design.de\/boutique\/produkt\/taschenschoner-3er-set\/","title":{"rendered":"Taschenschoner"},"content":{"rendered":"<p>Taschenschoner<br \/>\nOrdnung f\u00fcr Schreibstifte und die Taschen bleiben sauber.<\/p>\n<p>W\u00e4hlen Sie ein Motiv aus.<\/p>\n<p>&nbsp;<\/p>\n<p>Der Taschenschoner ist abnehmbar, sodass Sie Ihre Sachen ohne Zeitverlust organisieren k\u00f6nnen. <strong>Sehr leicht, da es kaum 20 Gramm wiegt und bequem in den<\/strong> Kittel des Arztes, der Krankenschwester oder des Assistenten gesteckt werden kann.<\/p>\n<p>Dank dieses kleinen Accessoires wird es f\u00fcr Sie nicht mehr schwer oder unbequem sein, Ihre Bleistifte, Kugelschreiber und kleinen Notizzettel in Ihren Hosentaschen zu verstauen. Sie k\u00f6nnen sie immer griffbereit haben und aufgrund der Leichtigkeit des Taschenschoners werden Sie sich fast nicht daran erinnern, dass Sie sie bei sich haben.<\/p>\n","protected":false},"excerpt":{"rendered":"<p>Taschenschoner Ordnung f\u00fcr Schreibstifte und die Taschen bleiben sauber. W\u00e4hlen Sie ein Motiv aus. &nbsp; Der Taschenschoner ist abnehmbar, sodass Sie Ihre Sachen ohne Zeitverlust organisieren k\u00f6nnen. Sehr leicht, da es kaum 20 Gramm wiegt und bequem in den Kittel des Arztes, der Krankenschwester oder des Assistenten gesteckt werden kann. Dank dieses kleinen Accessoires wird [&hellip;]<\/p>\n","protected":false},"featured_media":608,"template":"","meta":{"ocean_post_layout":"","ocean_both_sidebars_style":"","ocean_both_sidebars_content_width":0,"ocean_both_sidebars_sidebars_width":0,"ocean_sidebar":"0","ocean_second_sidebar":"0","ocean_disable_margins":"enable","ocean_add_body_class":"","ocean_shortcode_before_top_bar":"","ocean_shortcode_after_top_bar":"","ocean_shortcode_before_header":"","ocean_shortcode_after_header":"","ocean_has_shortcode":"","ocean_shortcode_after_title":"","ocean_shortcode_before_footer_widgets":"","ocean_shortcode_after_footer_widgets":"","ocean_shortcode_before_footer_bottom":"","ocean_shortcode_after_footer_bottom":"","ocean_display_top_bar":"default","ocean_display_header":"default","ocean_header_style":"","ocean_center_header_left_menu":"0","ocean_custom_header_template":"0","ocean_custom_logo":0,"ocean_custom_retina_logo":0,"ocean_custom_logo_max_width":0,"ocean_custom_logo_tablet_max_width":0,"ocean_custom_logo_mobile_max_width":0,"ocean_custom_logo_max_height":0,"ocean_custom_logo_tablet_max_height":0,"ocean_custom_logo_mobile_max_height":0,"ocean_header_custom_menu":"0","ocean_menu_typo_font_family":"0","ocean_menu_typo_font_subset":"","ocean_menu_typo_font_size":0,"ocean_menu_typo_font_size_tablet":0,"ocean_menu_typo_font_size_mobile":0,"ocean_menu_typo_font_size_unit":"px","ocean_menu_typo_font_weight":"","ocean_menu_typo_font_weight_tablet":"","ocean_menu_typo_font_weight_mobile":"","ocean_menu_typo_transform":"","ocean_menu_typo_transform_tablet":"","ocean_menu_typo_transform_mobile":"","ocean_menu_typo_line_height":0,"ocean_menu_typo_line_height_tablet":0,"ocean_menu_typo_line_height_mobile":0,"ocean_menu_typo_line_height_unit":"","ocean_menu_typo_spacing":0,"ocean_menu_typo_spacing_tablet":0,"ocean_menu_typo_spacing_mobile":0,"ocean_menu_typo_spacing_unit":"","ocean_menu_link_color":"","ocean_menu_link_color_hover":"","ocean_menu_link_color_active":"","ocean_menu_link_background":"","ocean_menu_link_hover_background":"","ocean_menu_link_active_background":"","ocean_menu_social_links_bg":"","ocean_menu_social_hover_links_bg":"","ocean_menu_social_links_color":"","ocean_menu_social_hover_links_color":"","ocean_disable_title":"default","ocean_disable_heading":"default","ocean_post_title":"","ocean_post_subheading":"","ocean_post_title_style":"","ocean_post_title_background_color":"","ocean_post_title_background":0,"ocean_post_title_bg_image_position":"","ocean_post_title_bg_image_attachment":"","ocean_post_title_bg_image_repeat":"","ocean_post_title_bg_image_size":"","ocean_post_title_height":0,"ocean_post_title_bg_overlay":0.5,"ocean_post_title_bg_overlay_color":"","ocean_disable_breadcrumbs":"default","ocean_breadcrumbs_color":"","ocean_breadcrumbs_separator_color":"","ocean_breadcrumbs_links_color":"","ocean_breadcrumbs_links_hover_color":"","ocean_display_footer_widgets":"default","ocean_display_footer_bottom":"default","ocean_custom_footer_template":"0","jetpack_post_was_ever_published":false,"jetpack_publicize_message":"","jetpack_publicize_feature_enabled":true,"jetpack_social_post_already_shared":true,"jetpack_social_options":{"image_generator_settings":{"template":"highway","default_image_id":0,"font":"","enabled":false},"version":2}},"product_brand":[],"product_cat":[42],"product_tag":[],"class_list":{"0":"post-603","1":"product","2":"type-product","3":"status-publish","4":"has-post-thumbnail","6":"product_cat-boutique-clinic","8":"entry","9":"has-media","11":"first","12":"instock","13":"taxable","14":"shipping-taxable","15":"purchasable","16":"product-type-variable","17":"has-product-nav","18":"col","19":"span_1_of_3","20":"owp-content-center","21":"owp-thumbs-layout-horizontal","22":"owp-btn-normal","23":"owp-tabs-layout-horizontal"},"jetpack_publicize_connections":[],"jetpack_sharing_enabled":true,"_links":{"self":[{"href":"https:\/\/medina-design.de\/boutique\/wp-json\/wp\/v2\/product\/603","targetHints":{"allow":["GET"]}}],"collection":[{"href":"https:\/\/medina-design.de\/boutique\/wp-json\/wp\/v2\/product"}],"about":[{"href":"https:\/\/medina-design.de\/boutique\/wp-json\/wp\/v2\/types\/product"}],"wp:featuredmedia":[{"embeddable":true,"href":"https:\/\/medina-design.de\/boutique\/wp-json\/wp\/v2\/media\/608"}],"wp:attachment":[{"href":"https:\/\/medina-design.de\/boutique\/wp-json\/wp\/v2\/media?parent=603"}],"wp:term":[{"taxonomy":"product_brand","embeddable":true,"href":"https:\/\/medina-design.de\/boutique\/wp-json\/wp\/v2\/product_brand?post=603"},{"taxonomy":"product_cat","embeddable":true,"href":"https:\/\/medina-design.de\/boutique\/wp-json\/wp\/v2\/product_cat?post=603"},{"taxonomy":"product_tag","embeddable":true,"href":"https:\/\/medina-design.de\/boutique\/wp-json\/wp\/v2\/product_tag?post=603"}],"curies":[{"name":"wp","href":"https:\/\/api.w.org\/{rel}","templated":true}]}}