{"id":1571,"date":"2025-12-03T09:06:04","date_gmt":"2025-12-03T08:06:04","guid":{"rendered":"https:\/\/medina-design.de\/boutique\/?post_type=product&#038;p=1571"},"modified":"2026-03-26T11:41:42","modified_gmt":"2026-03-26T10:41:42","slug":"weihnachtssocken-c19","status":"publish","type":"product","link":"https:\/\/medina-design.de\/boutique\/produkt\/weihnachtssocken-c19\/","title":{"rendered":"Weihnachtssocken C19"},"content":{"rendered":"<div class=\"product-details-module__title ec-header-h6\">Produktbeschreibung<\/div>\n<div class=\"product-details-module__content\">\n<div id=\"productDescription\" class=\"product-details__product-description\">\n<p><strong>Socken von Dr. Cichobieg<\/strong><\/p>\n<div>\n<p>Weihnachtssocken f\u00fcr ein perfektes Weihnachtsgeschenk.<\/p>\n<p><span class=\"tlid-translation translation\">Qualit\u00e4t kombiniert mit perfekter Passform, au\u00dfergew\u00f6hnlichen Designs und Farben. Mit Liebe gemacht.<br \/>\n<\/span><\/p>\n<p>Geeignet f\u00fcr alle Arten von Publikum, die innovative Designs lieben, die nicht aus der Mode kommen. Besonders Spa\u00df f\u00fcr Zahn\u00e4rzte, Hygieniker, Kieferorthop\u00e4den usw.<\/p>\n<p><strong>Farbe:<\/strong> Blau<\/p>\n<p><strong>Gr\u00f6\u00dfen:<\/strong> 36-40<\/p>\n<p><strong>Zusammensetzung:<\/strong>\u00a080 % Baumwolle, 15 % Polyamid, 5 % Elastan<\/p>\n<\/div>\n<\/div>\n<\/div>\n","protected":false},"excerpt":{"rendered":"<p>Produktbeschreibung Socken von Dr. Cichobieg Weihnachtssocken f\u00fcr ein perfektes Weihnachtsgeschenk. Qualit\u00e4t kombiniert mit perfekter Passform, au\u00dfergew\u00f6hnlichen Designs und Farben. Mit Liebe gemacht. Geeignet f\u00fcr alle Arten von Publikum, die innovative Designs lieben, die nicht aus der Mode kommen. Besonders Spa\u00df f\u00fcr Zahn\u00e4rzte, Hygieniker, Kieferorthop\u00e4den usw. Farbe: Blau Gr\u00f6\u00dfen: 36-40 Zusammensetzung:\u00a080 % Baumwolle, 15 % Polyamid, [&hellip;]<\/p>\n","protected":false},"featured_media":1574,"template":"","meta":{"ocean_post_layout":"","ocean_both_sidebars_style":"","ocean_both_sidebars_content_width":0,"ocean_both_sidebars_sidebars_width":0,"ocean_sidebar":"0","ocean_second_sidebar":"0","ocean_disable_margins":"enable","ocean_add_body_class":"","ocean_shortcode_before_top_bar":"","ocean_shortcode_after_top_bar":"","ocean_shortcode_before_header":"","ocean_shortcode_after_header":"","ocean_has_shortcode":"","ocean_shortcode_after_title":"","ocean_shortcode_before_footer_widgets":"","ocean_shortcode_after_footer_widgets":"","ocean_shortcode_before_footer_bottom":"","ocean_shortcode_after_footer_bottom":"","ocean_display_top_bar":"default","ocean_display_header":"default","ocean_header_style":"","ocean_center_header_left_menu":"0","ocean_custom_header_template":"0","ocean_custom_logo":0,"ocean_custom_retina_logo":0,"ocean_custom_logo_max_width":0,"ocean_custom_logo_tablet_max_width":0,"ocean_custom_logo_mobile_max_width":0,"ocean_custom_logo_max_height":0,"ocean_custom_logo_tablet_max_height":0,"ocean_custom_logo_mobile_max_height":0,"ocean_header_custom_menu":"0","ocean_menu_typo_font_family":"0","ocean_menu_typo_font_subset":"","ocean_menu_typo_font_size":0,"ocean_menu_typo_font_size_tablet":0,"ocean_menu_typo_font_size_mobile":0,"ocean_menu_typo_font_size_unit":"px","ocean_menu_typo_font_weight":"","ocean_menu_typo_font_weight_tablet":"","ocean_menu_typo_font_weight_mobile":"","ocean_menu_typo_transform":"","ocean_menu_typo_transform_tablet":"","ocean_menu_typo_transform_mobile":"","ocean_menu_typo_line_height":0,"ocean_menu_typo_line_height_tablet":0,"ocean_menu_typo_line_height_mobile":0,"ocean_menu_typo_line_height_unit":"","ocean_menu_typo_spacing":0,"ocean_menu_typo_spacing_tablet":0,"ocean_menu_typo_spacing_mobile":0,"ocean_menu_typo_spacing_unit":"","ocean_menu_link_color":"","ocean_menu_link_color_hover":"","ocean_menu_link_color_active":"","ocean_menu_link_background":"","ocean_menu_link_hover_background":"","ocean_menu_link_active_background":"","ocean_menu_social_links_bg":"","ocean_menu_social_hover_links_bg":"","ocean_menu_social_links_color":"","ocean_menu_social_hover_links_color":"","ocean_disable_title":"default","ocean_disable_heading":"default","ocean_post_title":"","ocean_post_subheading":"","ocean_post_title_style":"","ocean_post_title_background_color":"","ocean_post_title_background":0,"ocean_post_title_bg_image_position":"","ocean_post_title_bg_image_attachment":"","ocean_post_title_bg_image_repeat":"","ocean_post_title_bg_image_size":"","ocean_post_title_height":0,"ocean_post_title_bg_overlay":0.5,"ocean_post_title_bg_overlay_color":"","ocean_disable_breadcrumbs":"default","ocean_breadcrumbs_color":"","ocean_breadcrumbs_separator_color":"","ocean_breadcrumbs_links_color":"","ocean_breadcrumbs_links_hover_color":"","ocean_display_footer_widgets":"default","ocean_display_footer_bottom":"default","ocean_custom_footer_template":"0","jetpack_post_was_ever_published":false,"jetpack_publicize_message":"","jetpack_publicize_feature_enabled":true,"jetpack_social_post_already_shared":true,"jetpack_social_options":{"image_generator_settings":{"template":"highway","default_image_id":0,"font":"","enabled":false},"version":2}},"product_brand":[],"product_cat":[42,77,74],"product_tag":[96,83,56,97,80,82,46,81,79],"class_list":{"0":"post-1571","1":"product","2":"type-product","3":"status-publish","4":"has-post-thumbnail","6":"product_cat-boutique-clinic","7":"product_cat-socken","8":"product_cat-zahnarztservice","9":"product_tag-arzt","10":"product_tag-geschenk","11":"product_tag-krankenhaus","12":"product_tag-krankenschwester","13":"product_tag-socken","14":"product_tag-weihnachten","15":"product_tag-wuerselen","16":"product_tag-xmas","17":"product_tag-zahnarzt","19":"entry","20":"has-media","22":"first","23":"instock","24":"taxable","25":"shipping-taxable","26":"purchasable","27":"product-type-variable","28":"has-default-attributes","29":"has-product-nav","30":"col","31":"span_1_of_3","32":"owp-content-center","33":"owp-thumbs-layout-horizontal","34":"owp-btn-normal","35":"owp-tabs-layout-horizontal","36":"has-no-thumbnails"},"jetpack_publicize_connections":[],"jetpack_sharing_enabled":true,"_links":{"self":[{"href":"https:\/\/medina-design.de\/boutique\/wp-json\/wp\/v2\/product\/1571","targetHints":{"allow":["GET"]}}],"collection":[{"href":"https:\/\/medina-design.de\/boutique\/wp-json\/wp\/v2\/product"}],"about":[{"href":"https:\/\/medina-design.de\/boutique\/wp-json\/wp\/v2\/types\/product"}],"wp:featuredmedia":[{"embeddable":true,"href":"https:\/\/medina-design.de\/boutique\/wp-json\/wp\/v2\/media\/1574"}],"wp:attachment":[{"href":"https:\/\/medina-design.de\/boutique\/wp-json\/wp\/v2\/media?parent=1571"}],"wp:term":[{"taxonomy":"product_brand","embeddable":true,"href":"https:\/\/medina-design.de\/boutique\/wp-json\/wp\/v2\/product_brand?post=1571"},{"taxonomy":"product_cat","embeddable":true,"href":"https:\/\/medina-design.de\/boutique\/wp-json\/wp\/v2\/product_cat?post=1571"},{"taxonomy":"product_tag","embeddable":true,"href":"https:\/\/medina-design.de\/boutique\/wp-json\/wp\/v2\/product_tag?post=1571"}],"curies":[{"name":"wp","href":"https:\/\/api.w.org\/{rel}","templated":true}]}}